{"id":190,"date":"2018-12-03T19:18:08","date_gmt":"2018-12-03T19:18:08","guid":{"rendered":"http:\/\/irvin-dev.com\/?page_id=190"},"modified":"2019-09-04T13:52:03","modified_gmt":"2019-09-04T13:52:03","slug":"home","status":"publish","type":"page","link":"https:\/\/www.pistoninteriors.com\/es\/","title":{"rendered":"Home"},"content":{"rendered":"<div id=\"cs-content\" class=\"cs-content\"><\/div>\n","protected":false},"excerpt":{"rendered":"<p>M\u00c1S QUE CUBIERTOS Tenemos una pasi\u00f3n por las cubiertas de asientos y se nota. Ah\u00ed Estamos. DESCUBRA NUESTRA EXPERIENCIAen CUBIERTAS DE ASIENTOS ATENCI\u00d3N A LOS DETALLES Nos enfocamos en la calidad en todo lo que elaboramos. Ah\u00ed Estamos. DESCUBRA EL ARTE en nuestros PROCESOS Surgimos de un sentido de aventura. Un sue&ntilde;o en la mente del inventor del paraca&iacute;das. Nuestra &#8230; <\/p>\n<div><a href=\"https:\/\/www.pistoninteriors.com\/es\/\" class=\"more-link\">Read More<\/a><\/div>\n","protected":false},"author":2,"featured_media":0,"parent":0,"menu_order":0,"comment_status":"closed","ping_status":"closed","template":"template-blank-4.php","meta":{"_exactmetrics_skip_tracking":false,"_exactmetrics_sitenote_active":false,"_exactmetrics_sitenote_note":"","_exactmetrics_sitenote_category":0,"_uf_show_specific_survey":0,"_uf_disable_surveys":false,"footnotes":""},"class_list":["post-190","page","type-page","status-publish","hentry","no-post-thumbnail"],"_links":{"self":[{"href":"https:\/\/www.pistoninteriors.com\/es\/wp-json\/wp\/v2\/pages\/190","targetHints":{"allow":["GET"]}}],"collection":[{"href":"https:\/\/www.pistoninteriors.com\/es\/wp-json\/wp\/v2\/pages"}],"about":[{"href":"https:\/\/www.pistoninteriors.com\/es\/wp-json\/wp\/v2\/types\/page"}],"author":[{"embeddable":true,"href":"https:\/\/www.pistoninteriors.com\/es\/wp-json\/wp\/v2\/users\/2"}],"replies":[{"embeddable":true,"href":"https:\/\/www.pistoninteriors.com\/es\/wp-json\/wp\/v2\/comments?post=190"}],"version-history":[{"count":0,"href":"https:\/\/www.pistoninteriors.com\/es\/wp-json\/wp\/v2\/pages\/190\/revisions"}],"wp:attachment":[{"href":"https:\/\/www.pistoninteriors.com\/es\/wp-json\/wp\/v2\/media?parent=190"}],"curies":[{"name":"wp","href":"https:\/\/api.w.org\/{rel}","templated":true}]}}