{"id":494,"date":"2018-12-14T20:12:36","date_gmt":"2018-12-14T20:12:36","guid":{"rendered":"http:\/\/irvin-dev.com\/?page_id=494"},"modified":"2020-04-13T14:57:32","modified_gmt":"2020-04-13T14:57:32","slug":"spotlights","status":"publish","type":"page","link":"https:\/\/www.pistoninteriors.com\/es\/spotlights\/","title":{"rendered":"Employee Spotlights"},"content":{"rendered":"<div id=\"cs-content\" class=\"cs-content\"><\/div>\n","protected":false},"excerpt":{"rendered":"<p>\u00bfPor qu\u00e9 Irvin?Diversidad e Inclusi\u00f3nEmpleados DestacadosBeneficiosEmpleadosDestacadosComprasMaria ClabornAdministraci\u00f3n de ProgramasHeather DimitrievskiIngenier\u00edaTyler KellenbergerVentasColin BoweIngenier\u00edaAnne BessetteCalidadKwesi EmretiyomaDise\u00f1o y DesarrolloDeborah JeszkeAdministraci\u00f3n de ProgramasDanielle MomanyCalidadJeff FontecchioFinanzasLisa PritchardOperacionesRogelio &#8220;Roger&#8221; SaavedraRecursos HumanosGabriela TrevinoIngenier\u00edaJason BarnesFinanzasJack MarlattDise\u00f1o y DesarrolloAnna FernsComprasMaria ClabornGerente de Compras de SOFT TRIMDisfruto usando mis habilidades biling&uuml;es para interactuar con los clientes, proveedores y el equipo interno para ayudar a ofrecer soluciones creativas a los problemas &#8230; <\/p>\n<div><a href=\"https:\/\/www.pistoninteriors.com\/es\/spotlights\/\" class=\"more-link\">Read More<\/a><\/div>\n","protected":false},"author":2,"featured_media":0,"parent":0,"menu_order":0,"comment_status":"closed","ping_status":"closed","template":"template-blank-4.php","meta":{"_exactmetrics_skip_tracking":false,"_exactmetrics_sitenote_active":false,"_exactmetrics_sitenote_note":"","_exactmetrics_sitenote_category":0,"_uf_show_specific_survey":0,"_uf_disable_surveys":false,"footnotes":""},"class_list":["post-494","page","type-page","status-publish","hentry","no-post-thumbnail"],"_links":{"self":[{"href":"https:\/\/www.pistoninteriors.com\/es\/wp-json\/wp\/v2\/pages\/494","targetHints":{"allow":["GET"]}}],"collection":[{"href":"https:\/\/www.pistoninteriors.com\/es\/wp-json\/wp\/v2\/pages"}],"about":[{"href":"https:\/\/www.pistoninteriors.com\/es\/wp-json\/wp\/v2\/types\/page"}],"author":[{"embeddable":true,"href":"https:\/\/www.pistoninteriors.com\/es\/wp-json\/wp\/v2\/users\/2"}],"replies":[{"embeddable":true,"href":"https:\/\/www.pistoninteriors.com\/es\/wp-json\/wp\/v2\/comments?post=494"}],"version-history":[{"count":0,"href":"https:\/\/www.pistoninteriors.com\/es\/wp-json\/wp\/v2\/pages\/494\/revisions"}],"wp:attachment":[{"href":"https:\/\/www.pistoninteriors.com\/es\/wp-json\/wp\/v2\/media?parent=494"}],"curies":[{"name":"wp","href":"https:\/\/api.w.org\/{rel}","templated":true}]}}