{"id":733,"date":"2019-01-16T15:14:05","date_gmt":"2019-01-16T15:14:05","guid":{"rendered":"http:\/\/irvin-dev.com\/?page_id=733"},"modified":"2019-11-07T17:25:40","modified_gmt":"2019-11-07T17:25:40","slug":"benefits","status":"publish","type":"page","link":"https:\/\/www.pistoninteriors.com\/es\/benefits\/","title":{"rendered":"Benefits"},"content":{"rendered":"<div id=\"cs-content\" class=\"cs-content\"><\/div>\n","protected":false},"excerpt":{"rendered":"<p>\u00bfPor qu\u00e9 Irvin?Diversidad e Inclusi\u00f3nEmpleados DestacadosBeneficiosOportunidadesCreemos que los Beneficios de Irvin son Dif\u00edciles de Medir.Mas que un trabajo, es una experiencia.Medirse es determinar el alcance o la capacidad de algo en comparaci&oacute;n con un est&aacute;ndar. Creemos en los est&aacute;ndares, pero cuando se trata de la experiencia laboral en Irvin, tratamos continuamente de ampliar los estandares de la norma. Queremos que &#8230; <\/p>\n<div><a href=\"https:\/\/www.pistoninteriors.com\/es\/benefits\/\" class=\"more-link\">Read More<\/a><\/div>\n","protected":false},"author":2,"featured_media":0,"parent":0,"menu_order":0,"comment_status":"closed","ping_status":"closed","template":"template-blank-4.php","meta":{"_exactmetrics_skip_tracking":false,"_exactmetrics_sitenote_active":false,"_exactmetrics_sitenote_note":"","_exactmetrics_sitenote_category":0,"_uf_show_specific_survey":0,"_uf_disable_surveys":false,"footnotes":""},"class_list":["post-733","page","type-page","status-publish","hentry","no-post-thumbnail"],"_links":{"self":[{"href":"https:\/\/www.pistoninteriors.com\/es\/wp-json\/wp\/v2\/pages\/733","targetHints":{"allow":["GET"]}}],"collection":[{"href":"https:\/\/www.pistoninteriors.com\/es\/wp-json\/wp\/v2\/pages"}],"about":[{"href":"https:\/\/www.pistoninteriors.com\/es\/wp-json\/wp\/v2\/types\/page"}],"author":[{"embeddable":true,"href":"https:\/\/www.pistoninteriors.com\/es\/wp-json\/wp\/v2\/users\/2"}],"replies":[{"embeddable":true,"href":"https:\/\/www.pistoninteriors.com\/es\/wp-json\/wp\/v2\/comments?post=733"}],"version-history":[{"count":0,"href":"https:\/\/www.pistoninteriors.com\/es\/wp-json\/wp\/v2\/pages\/733\/revisions"}],"wp:attachment":[{"href":"https:\/\/www.pistoninteriors.com\/es\/wp-json\/wp\/v2\/media?parent=733"}],"curies":[{"name":"wp","href":"https:\/\/api.w.org\/{rel}","templated":true}]}}